{"id":1774,"date":"2019-04-29T13:05:03","date_gmt":"2019-04-29T13:05:03","guid":{"rendered":"https:\/\/hotell.uhotelsgroup.com\/restoranemmeline\/?page_id=1774"},"modified":"2024-05-29T11:37:55","modified_gmt":"2024-05-29T11:37:55","slug":"siseou","status":"publish","type":"page","link":"https:\/\/www.ottoresto.ee\/et\/pakkumised-ja-uritused\/siseou\/","title":{"rendered":"Sise\u00f5u"},"content":{"rendered":"","protected":false},"excerpt":{"rendered":"","protected":false},"author":2,"featured_media":0,"parent":1546,"menu_order":0,"comment_status":"closed","ping_status":"closed","template":"","meta":{"_acf_changed":false,"footnotes":""},"class_list":["post-1774","page","type-page","status-publish","hentry"],"acf":[],"yoast_head":"<!-- This site is optimized with the Yoast SEO plugin v25.4 - https:\/\/yoast.com\/wordpress\/plugins\/seo\/ -->\n<title>Sise\u00f5u - OTTO Restoran<\/title>\n<meta name=\"description\" content=\"Unikaalse atmosf\u00e4\u00e4riga von Stackelberg Hotel Tallinna sise\u00f5u on ideaalne pulmadeks ja muudeks vastuv\u00f5ttudeks, vaata rohkem meie kodulehelt.\" \/>\n<meta name=\"robots\" content=\"index, follow, max-snippet:-1, max-image-preview:large, max-video-preview:-1\" \/>\n<link rel=\"canonical\" href=\"https:\/\/www.ottoresto.ee\/et\/pakkumised-ja-uritused\/siseou\/\" \/>\n<meta property=\"og:locale\" content=\"et_EE\" \/>\n<meta property=\"og:type\" content=\"article\" \/>\n<meta property=\"og:title\" content=\"Sise\u00f5u - OTTO Restoran\" \/>\n<meta property=\"og:description\" content=\"Unikaalse atmosf\u00e4\u00e4riga von Stackelberg Hotel Tallinna sise\u00f5u on ideaalne pulmadeks ja muudeks vastuv\u00f5ttudeks, vaata rohkem meie kodulehelt.\" \/>\n<meta property=\"og:url\" content=\"https:\/\/www.ottoresto.ee\/et\/pakkumised-ja-uritused\/siseou\/\" \/>\n<meta property=\"og:site_name\" content=\"OTTO Restoran\" \/>\n<meta property=\"article:modified_time\" content=\"2024-05-29T11:37:55+00:00\" \/>\n<meta name=\"twitter:card\" content=\"summary_large_image\" \/>\n<script type=\"application\/ld+json\" class=\"yoast-schema-graph\">{\"@context\":\"https:\/\/schema.org\",\"@graph\":[{\"@type\":\"WebPage\",\"@id\":\"https:\/\/www.ottoresto.ee\/et\/pakkumised-ja-uritused\/siseou\/\",\"url\":\"https:\/\/www.ottoresto.ee\/et\/pakkumised-ja-uritused\/siseou\/\",\"name\":\"Sise\u00f5u - OTTO Restoran\",\"isPartOf\":{\"@id\":\"https:\/\/www.ottoresto.ee\/#website\"},\"datePublished\":\"2019-04-29T13:05:03+00:00\",\"dateModified\":\"2024-05-29T11:37:55+00:00\",\"description\":\"Unikaalse atmosf\u00e4\u00e4riga von Stackelberg Hotel Tallinna sise\u00f5u on ideaalne pulmadeks ja muudeks vastuv\u00f5ttudeks, vaata rohkem meie kodulehelt.\",\"breadcrumb\":{\"@id\":\"https:\/\/www.ottoresto.ee\/et\/pakkumised-ja-uritused\/siseou\/#breadcrumb\"},\"inLanguage\":\"et\",\"potentialAction\":[{\"@type\":\"ReadAction\",\"target\":[\"https:\/\/www.ottoresto.ee\/et\/pakkumised-ja-uritused\/siseou\/\"]}]},{\"@type\":\"BreadcrumbList\",\"@id\":\"https:\/\/www.ottoresto.ee\/et\/pakkumised-ja-uritused\/siseou\/#breadcrumb\",\"itemListElement\":[{\"@type\":\"ListItem\",\"position\":1,\"name\":\"Home\",\"item\":\"https:\/\/www.ottoresto.ee\/et\/\"},{\"@type\":\"ListItem\",\"position\":2,\"name\":\"Pakkumised ja \u00fcritused\",\"item\":\"https:\/\/www.ottoresto.ee\/et\/pakkumised-ja-uritused\/\"},{\"@type\":\"ListItem\",\"position\":3,\"name\":\"Sise\u00f5u\"}]},{\"@type\":\"WebSite\",\"@id\":\"https:\/\/www.ottoresto.ee\/#website\",\"url\":\"https:\/\/www.ottoresto.ee\/\",\"name\":\"OTTO Restoran\",\"description\":\"\",\"publisher\":{\"@id\":\"https:\/\/www.ottoresto.ee\/#organization\"},\"potentialAction\":[{\"@type\":\"SearchAction\",\"target\":{\"@type\":\"EntryPoint\",\"urlTemplate\":\"https:\/\/www.ottoresto.ee\/?s={search_term_string}\"},\"query-input\":{\"@type\":\"PropertyValueSpecification\",\"valueRequired\":true,\"valueName\":\"search_term_string\"}}],\"inLanguage\":\"et\"},{\"@type\":\"Organization\",\"@id\":\"https:\/\/www.ottoresto.ee\/#organization\",\"name\":\"OTTO Restoran\",\"url\":\"https:\/\/www.ottoresto.ee\/\",\"logo\":{\"@type\":\"ImageObject\",\"inLanguage\":\"et\",\"@id\":\"https:\/\/www.ottoresto.ee\/#\/schema\/logo\/image\/\",\"url\":\"https:\/\/www.ottoresto.ee\/wp-content\/uploads\/sites\/9\/2023\/06\/cropped-OTTO-Restoran-Terrass-logo.png\",\"contentUrl\":\"https:\/\/www.ottoresto.ee\/wp-content\/uploads\/sites\/9\/2023\/06\/cropped-OTTO-Restoran-Terrass-logo.png\",\"width\":300,\"height\":283,\"caption\":\"OTTO Restoran\"},\"image\":{\"@id\":\"https:\/\/www.ottoresto.ee\/#\/schema\/logo\/image\/\"}}]}<\/script>\n<!-- \/ Yoast SEO plugin. -->","yoast_head_json":{"title":"Sise\u00f5u - OTTO Restoran","description":"Unikaalse atmosf\u00e4\u00e4riga von Stackelberg Hotel Tallinna sise\u00f5u on ideaalne pulmadeks ja muudeks vastuv\u00f5ttudeks, vaata rohkem meie kodulehelt.","robots":{"index":"index","follow":"follow","max-snippet":"max-snippet:-1","max-image-preview":"max-image-preview:large","max-video-preview":"max-video-preview:-1"},"canonical":"https:\/\/www.ottoresto.ee\/et\/pakkumised-ja-uritused\/siseou\/","og_locale":"et_EE","og_type":"article","og_title":"Sise\u00f5u - OTTO Restoran","og_description":"Unikaalse atmosf\u00e4\u00e4riga von Stackelberg Hotel Tallinna sise\u00f5u on ideaalne pulmadeks ja muudeks vastuv\u00f5ttudeks, vaata rohkem meie kodulehelt.","og_url":"https:\/\/www.ottoresto.ee\/et\/pakkumised-ja-uritused\/siseou\/","og_site_name":"OTTO Restoran","article_modified_time":"2024-05-29T11:37:55+00:00","twitter_card":"summary_large_image","schema":{"@context":"https:\/\/schema.org","@graph":[{"@type":"WebPage","@id":"https:\/\/www.ottoresto.ee\/et\/pakkumised-ja-uritused\/siseou\/","url":"https:\/\/www.ottoresto.ee\/et\/pakkumised-ja-uritused\/siseou\/","name":"Sise\u00f5u - OTTO Restoran","isPartOf":{"@id":"https:\/\/www.ottoresto.ee\/#website"},"datePublished":"2019-04-29T13:05:03+00:00","dateModified":"2024-05-29T11:37:55+00:00","description":"Unikaalse atmosf\u00e4\u00e4riga von Stackelberg Hotel Tallinna sise\u00f5u on ideaalne pulmadeks ja muudeks vastuv\u00f5ttudeks, vaata rohkem meie kodulehelt.","breadcrumb":{"@id":"https:\/\/www.ottoresto.ee\/et\/pakkumised-ja-uritused\/siseou\/#breadcrumb"},"inLanguage":"et","potentialAction":[{"@type":"ReadAction","target":["https:\/\/www.ottoresto.ee\/et\/pakkumised-ja-uritused\/siseou\/"]}]},{"@type":"BreadcrumbList","@id":"https:\/\/www.ottoresto.ee\/et\/pakkumised-ja-uritused\/siseou\/#breadcrumb","itemListElement":[{"@type":"ListItem","position":1,"name":"Home","item":"https:\/\/www.ottoresto.ee\/et\/"},{"@type":"ListItem","position":2,"name":"Pakkumised ja \u00fcritused","item":"https:\/\/www.ottoresto.ee\/et\/pakkumised-ja-uritused\/"},{"@type":"ListItem","position":3,"name":"Sise\u00f5u"}]},{"@type":"WebSite","@id":"https:\/\/www.ottoresto.ee\/#website","url":"https:\/\/www.ottoresto.ee\/","name":"OTTO Restoran","description":"","publisher":{"@id":"https:\/\/www.ottoresto.ee\/#organization"},"potentialAction":[{"@type":"SearchAction","target":{"@type":"EntryPoint","urlTemplate":"https:\/\/www.ottoresto.ee\/?s={search_term_string}"},"query-input":{"@type":"PropertyValueSpecification","valueRequired":true,"valueName":"search_term_string"}}],"inLanguage":"et"},{"@type":"Organization","@id":"https:\/\/www.ottoresto.ee\/#organization","name":"OTTO Restoran","url":"https:\/\/www.ottoresto.ee\/","logo":{"@type":"ImageObject","inLanguage":"et","@id":"https:\/\/www.ottoresto.ee\/#\/schema\/logo\/image\/","url":"https:\/\/www.ottoresto.ee\/wp-content\/uploads\/sites\/9\/2023\/06\/cropped-OTTO-Restoran-Terrass-logo.png","contentUrl":"https:\/\/www.ottoresto.ee\/wp-content\/uploads\/sites\/9\/2023\/06\/cropped-OTTO-Restoran-Terrass-logo.png","width":300,"height":283,"caption":"OTTO Restoran"},"image":{"@id":"https:\/\/www.ottoresto.ee\/#\/schema\/logo\/image\/"}}]}},"_links":{"self":[{"href":"https:\/\/www.ottoresto.ee\/et\/wp-json\/wp\/v2\/pages\/1774","targetHints":{"allow":["GET"]}}],"collection":[{"href":"https:\/\/www.ottoresto.ee\/et\/wp-json\/wp\/v2\/pages"}],"about":[{"href":"https:\/\/www.ottoresto.ee\/et\/wp-json\/wp\/v2\/types\/page"}],"author":[{"embeddable":true,"href":"https:\/\/www.ottoresto.ee\/et\/wp-json\/wp\/v2\/users\/2"}],"replies":[{"embeddable":true,"href":"https:\/\/www.ottoresto.ee\/et\/wp-json\/wp\/v2\/comments?post=1774"}],"version-history":[{"count":11,"href":"https:\/\/www.ottoresto.ee\/et\/wp-json\/wp\/v2\/pages\/1774\/revisions"}],"predecessor-version":[{"id":3749,"href":"https:\/\/www.ottoresto.ee\/et\/wp-json\/wp\/v2\/pages\/1774\/revisions\/3749"}],"up":[{"embeddable":true,"href":"https:\/\/www.ottoresto.ee\/et\/wp-json\/wp\/v2\/pages\/1546"}],"wp:attachment":[{"href":"https:\/\/www.ottoresto.ee\/et\/wp-json\/wp\/v2\/media?parent=1774"}],"curies":[{"name":"wp","href":"https:\/\/api.w.org\/{rel}","templated":true}]}}